{"id":1378,"date":"2022-10-25T19:08:41","date_gmt":"2022-10-25T19:08:41","guid":{"rendered":"https:\/\/www.tciindustrial.com\/n\/?page_id=1378"},"modified":"2023-07-26T23:41:17","modified_gmt":"2023-07-26T23:41:17","slug":"sobre-nosotros","status":"publish","type":"page","link":"https:\/\/www.tciindustrial.com\/n\/sobre-nosotros\/","title":{"rendered":"SOBRE NOSOTROS"},"content":{"rendered":"<p>[et_pb_section fb_built=\u00bb1&#8243; custom_padding_last_edited=\u00bbon|desktop\u00bb admin_label=\u00bbSERVICIOS\u00bb _builder_version=\u00bb3.26.6&#8243; background_image=\u00bbhttps:\/\/www.tciindustrial.com\/n\/wp-content\/uploads\/2022\/10\/bg-empresa.png\u00bb custom_padding=\u00bb100px||100px||true|true\u00bb custom_padding_phone=\u00bb50px||50px||true|true\u00bb background_color_phone=\u00bb#fafafa\u00bb background_last_edited=\u00bbon|tablet\u00bb background_enable_color_phone=\u00bbon\u00bb background_enable_image_phone=\u00bboff\u00bb locked=\u00bboff\u00bb][et_pb_row column_structure=\u00bb1_2,1_2&#8243; _builder_version=\u00bb3.26.6&#8243; background_color=\u00bbrgba(0,0,0,0)\u00bb background_enable_image=\u00bboff\u00bb parallax=\u00bbon\u00bb][et_pb_column type=\u00bb1_2&#8243; _builder_version=\u00bb3.26.6&#8243;][et_pb_text _builder_version=\u00bb3.26.6&#8243; text_font_size=\u00bb16px\u00bb header_font=\u00bb||||||||\u00bb background_color=\u00bbrgba(255,255,255,0.8)\u00bb custom_padding=\u00bb50px|50px|50px|50px|true|true\u00bb custom_padding_phone=\u00bb0px|0px|20px|0px|false|false\u00bb custom_padding_last_edited=\u00bbon|phone\u00bb header_font_size_tablet=\u00bb35px\u00bb header_font_size_phone=\u00bb30px\u00bb header_font_size_last_edited=\u00bbon|tablet\u00bb background_last_edited=\u00bbon|phone\u00bb background_enable_color_phone=\u00bboff\u00bb]<\/p>\n<h1><strong>SOBRE<br \/> NOSOTROS<\/strong><\/h1>\n<p>En Transportadores y Construcciones Industriales S A de C V somos l\u00edderes en el dise\u00f1o, construcci\u00f3n e instalaci\u00f3n de transportadores industriales de banda.<\/p>\n<p>Nuestra visi\u00f3n es ser una de las mejores empresas mexicanas en el mercado de transportadores de banda, ofreciendo siempre productos de calidad, con ingenier\u00eda innovadora y un equipo humano capacitado a la vanguardia en dise\u00f1o, manufactura y cuidado del medio ambiente.<\/p>\n<p>[\/et_pb_text][et_pb_image src=\u00bbhttps:\/\/www.tciindustrial.com\/n\/wp-content\/uploads\/2022\/10\/bg-empresa.png\u00bb disabled_on=\u00bboff|on|on\u00bb _builder_version=\u00bb3.26.6&#8243;][\/et_pb_image][\/et_pb_column][et_pb_column type=\u00bb1_2&#8243; _builder_version=\u00bb3.26.6&#8243;][et_pb_text _builder_version=\u00bb3.26.6&#8243; text_font_size=\u00bb16px\u00bb header_font=\u00bb||||||||\u00bb header_text_align=\u00bbcenter\u00bb background_color=\u00bbrgba(255,255,255,0.8)\u00bb custom_padding=\u00bb50px|50px|50px|50px|true|true\u00bb custom_padding_phone=\u00bb0px|0px|20px|0px|false|false\u00bb custom_padding_last_edited=\u00bbon|phone\u00bb header_font_size_tablet=\u00bb35px\u00bb header_font_size_phone=\u00bb30px\u00bb header_font_size_last_edited=\u00bbon|tablet\u00bb background_last_edited=\u00bbon|phone\u00bb background_enable_color_phone=\u00bboff\u00bb]<\/p>\n<h1><strong>M\u00c1S DE 35 A\u00d1OS DE EXPERIENCIA NOS RESPALDAN<\/strong><\/h1>\n<p>[\/et_pb_text][\/et_pb_column][\/et_pb_row][\/et_pb_section][et_pb_section fb_built=\u00bb1&#8243; custom_padding_last_edited=\u00bbon|desktop\u00bb _builder_version=\u00bb3.26.6&#8243; background_color=\u00bb#ffffff\u00bb custom_padding=\u00bb100px||100px||true|true\u00bb custom_padding_phone=\u00bb50px||50px||true|true\u00bb locked=\u00bboff\u00bb][et_pb_row admin_label=\u00bbY M\u00c1S\u00bb _builder_version=\u00bb3.26.6&#8243;][et_pb_column type=\u00bb4_4&#8243; _builder_version=\u00bb3.26.6&#8243;][et_pb_text _builder_version=\u00bb3.26.6&#8243; header_2_text_align=\u00bbcenter\u00bb]<\/p>\n<h2>NUESTROS VALORES:<\/h2>\n<ul class=\"superlista\">\n<li>Integridad<\/li>\n<li>Honestidad<\/li>\n<li>Calidad<\/li>\n<li>Compromiso<\/li>\n<li>Trabajo en equipo<\/li>\n<li>Liderazgo<\/li>\n<li>Seguridad<\/li>\n<li>Familia<\/li>\n<\/ul>\n<p>[\/et_pb_text][\/et_pb_column][\/et_pb_row][\/et_pb_section]<\/p>\n","protected":false},"excerpt":{"rendered":"<p>[et_pb_section fb_built=\u00bb1&#8243; custom_padding_last_edited=\u00bbon|desktop\u00bb admin_label=\u00bbSERVICIOS\u00bb _builder_version=\u00bb3.26.6&#8243; background_image=\u00bbhttps:\/\/www.tciindustrial.com\/n\/wp-content\/uploads\/2022\/10\/bg-empresa.png\u00bb custom_padding=\u00bb100px||100px||true|true\u00bb custom_padding_phone=\u00bb50px||50px||true|true\u00bb background_color_phone=\u00bb#fafafa\u00bb background_last_edited=\u00bbon|tablet\u00bb background_enable_color_phone=\u00bbon\u00bb background_enable_image_phone=\u00bboff\u00bb locked=\u00bboff\u00bb][et_pb_row column_structure=\u00bb1_2,1_2&#8243; _builder_version=\u00bb3.26.6&#8243; background_color=\u00bbrgba(0,0,0,0)\u00bb background_enable_image=\u00bboff\u00bb parallax=\u00bbon\u00bb][et_pb_column type=\u00bb1_2&#8243; _builder_version=\u00bb3.26.6&#8243;][et_pb_text _builder_version=\u00bb3.26.6&#8243; text_font_size=\u00bb16px\u00bb header_font=\u00bb||||||||\u00bb background_color=\u00bbrgba(255,255,255,0.8)\u00bb custom_padding=\u00bb50px|50px|50px|50px|true|true\u00bb custom_padding_phone=\u00bb0px|0px|20px|0px|false|false\u00bb custom_padding_last_edited=\u00bbon|phone\u00bb header_font_size_tablet=\u00bb35px\u00bb header_font_size_phone=\u00bb30px\u00bb header_font_size_last_edited=\u00bbon|tablet\u00bb background_last_edited=\u00bbon|phone\u00bb background_enable_color_phone=\u00bboff\u00bb] SOBRE NOSOTROS En Transportadores y Construcciones Industriales S A de C V somos l\u00edderes en el dise\u00f1o, construcci\u00f3n e instalaci\u00f3n de transportadores industriales [&hellip;]<\/p>\n","protected":false},"author":1,"featured_media":0,"parent":0,"menu_order":0,"comment_status":"closed","ping_status":"closed","template":"","meta":{"_et_pb_use_builder":"on","_et_pb_old_content":"","footnotes":""},"class_list":["post-1378","page","type-page","status-publish","hentry"],"_links":{"self":[{"href":"https:\/\/www.tciindustrial.com\/n\/wp-json\/wp\/v2\/pages\/1378","targetHints":{"allow":["GET"]}}],"collection":[{"href":"https:\/\/www.tciindustrial.com\/n\/wp-json\/wp\/v2\/pages"}],"about":[{"href":"https:\/\/www.tciindustrial.com\/n\/wp-json\/wp\/v2\/types\/page"}],"author":[{"embeddable":true,"href":"https:\/\/www.tciindustrial.com\/n\/wp-json\/wp\/v2\/users\/1"}],"replies":[{"embeddable":true,"href":"https:\/\/www.tciindustrial.com\/n\/wp-json\/wp\/v2\/comments?post=1378"}],"version-history":[{"count":21,"href":"https:\/\/www.tciindustrial.com\/n\/wp-json\/wp\/v2\/pages\/1378\/revisions"}],"predecessor-version":[{"id":1512,"href":"https:\/\/www.tciindustrial.com\/n\/wp-json\/wp\/v2\/pages\/1378\/revisions\/1512"}],"wp:attachment":[{"href":"https:\/\/www.tciindustrial.com\/n\/wp-json\/wp\/v2\/media?parent=1378"}],"curies":[{"name":"wp","href":"https:\/\/api.w.org\/{rel}","templated":true}]}}