{"id":312,"date":"2019-04-15T21:34:35","date_gmt":"2019-04-15T21:34:35","guid":{"rendered":"http:\/\/tciindustrial.com\/es\/?page_id=312"},"modified":"2023-08-07T20:54:11","modified_gmt":"2023-08-07T20:54:11","slug":"servicios","status":"publish","type":"page","link":"https:\/\/www.tciindustrial.com\/n\/servicios\/","title":{"rendered":"SERVICIOS"},"content":{"rendered":"<p>[et_pb_section fb_built=\u00bb1&#8243; custom_padding_last_edited=\u00bbon|desktop\u00bb admin_label=\u00bbSERVICIOS\u00bb _builder_version=\u00bb3.26.6&#8243; background_image=\u00bbhttps:\/\/www.tciindustrial.com\/n\/wp-content\/uploads\/2022\/10\/bg-servicios.png\u00bb parallax=\u00bbon\u00bb custom_padding=\u00bb100px||100px||true|true\u00bb custom_padding_phone=\u00bb50px||50px||true|true\u00bb background_color_phone=\u00bb#fafafa\u00bb background_last_edited=\u00bbon|phone\u00bb background_enable_color_phone=\u00bbon\u00bb background_enable_image_phone=\u00bboff\u00bb][et_pb_row column_structure=\u00bb1_2,1_2&#8243; _builder_version=\u00bb3.26.6&#8243; background_enable_image=\u00bboff\u00bb parallax=\u00bbon\u00bb][et_pb_column type=\u00bb1_2&#8243; _builder_version=\u00bb3.26.6&#8243;][et_pb_text _builder_version=\u00bb3.26.6&#8243; header_font=\u00bb||||||||\u00bb background_color=\u00bbrgba(255,255,255,0.8)\u00bb custom_padding=\u00bb50px|50px|50px|50px|true|true\u00bb custom_padding_phone=\u00bb0px|0px|20px|0px|false|false\u00bb custom_padding_last_edited=\u00bbon|phone\u00bb header_font_size_tablet=\u00bb35px\u00bb header_font_size_phone=\u00bb30px\u00bb header_font_size_last_edited=\u00bbon|tablet\u00bb background_last_edited=\u00bbon|phone\u00bb background_enable_color_phone=\u00bboff\u00bb]<\/p>\n<h1><strong>PRODUCTOS<br \/> Y SERVICIOS<\/strong><\/h1>\n<p>En Transportadores y Construcciones Industriales S A de C V estamos comprometidos en dise\u00f1ar, fabricar y entregar equipos y m\u00e1quinas de calidad que cumplan con las normas y est\u00e1ndares del mercado industrial mexicano y extranjero, cubriendo las expectativas de nuestros clientes para garantizar su satisfacci\u00f3n.<\/p>\n<p>Nuestros equipos llevan el sello de una ingenier\u00eda propia, que en conjunto con los requerimientos de nuestros clientes da como resultado un producto hecho a la medida y con la posibilidad de ajustarlo a las innovaciones futuras.<\/p>\n<p>[\/et_pb_text][\/et_pb_column][et_pb_column type=\u00bb1_2&#8243; _builder_version=\u00bb3.26.6&#8243;][et_pb_video src=\u00bbhttps:\/\/www.tciindustrial.com\/n\/wp-content\/uploads\/2022\/10\/BandaTransportadora.mp4&#8243; thumbnail_overlay_color=\u00bbrgba(0,0,0,0.6)\u00bb _builder_version=\u00bb3.26.6&#8243;][\/et_pb_video][et_pb_text _builder_version=\u00bb3.26.6&#8243; header_font=\u00bb||||||||\u00bb background_color=\u00bbrgba(255,255,255,0.8)\u00bb custom_padding=\u00bb50px|50px|50px|50px|true|true\u00bb custom_padding_phone=\u00bb20px|0px|0px|0px|false|true\u00bb custom_padding_last_edited=\u00bbon|phone\u00bb background_last_edited=\u00bbon|phone\u00bb background_enable_color_phone=\u00bboff\u00bb]<\/p>\n<p>Tenemos presencia en m\u00e1s del 90 % de los ingenios en M\u00e9xico, y fuera del pa\u00eds estamos presentes en Cuba, Per\u00fa y Belice. Nos hemos consolidado como l\u00edderes en la fabricaci\u00f3n de remontadores de sacos adem\u00e1s de llevar la delantera en la fabricaci\u00f3n de cargadores de camiones con nuestro equipo Lanzador de sacos tipo telesc\u00f3pico.<\/p>\n<p>[\/et_pb_text][\/et_pb_column][\/et_pb_row][\/et_pb_section][et_pb_section fb_built=\u00bb1&#8243; custom_padding_last_edited=\u00bbon|desktop\u00bb _builder_version=\u00bb3.26.6&#8243; background_color=\u00bb#fafafa\u00bb custom_padding=\u00bb100px||100px||true|true\u00bb custom_padding_phone=\u00bb50px||50px||true|true\u00bb][et_pb_row _builder_version=\u00bb3.26.6&#8243;][et_pb_column type=\u00bb4_4&#8243; _builder_version=\u00bb3.26.6&#8243;][et_pb_text _builder_version=\u00bb3.26.6&#8243; text_text_align=\u00bbcenter\u00bb header_text_align=\u00bbcenter\u00bb header_2_text_align=\u00bbcenter\u00bb]<\/p>\n<h2>VISITA LAS GALER\u00cdAS<\/h2>\n<p>Y conoce algunos de nuestros trabajos en acci\u00f3n.<\/p>\n<p>[\/et_pb_text][\/et_pb_column][\/et_pb_row][et_pb_row column_structure=\u00bb1_2,1_2&#8243; _builder_version=\u00bb3.26.6&#8243;][et_pb_column type=\u00bb1_2&#8243; _builder_version=\u00bb3.26.6&#8243;][et_pb_button button_url=\u00bbhttps:\/\/www.tciindustrial.com\/n\/galeria\/\u00bb button_text=\u00bbVER GALER\u00cdA DE IM\u00c1GENES\u00bb button_alignment=\u00bbcenter\u00bb _builder_version=\u00bb3.26.6&#8243;][\/et_pb_button][\/et_pb_column][et_pb_column type=\u00bb1_2&#8243; _builder_version=\u00bb3.26.6&#8243;][et_pb_button button_url=\u00bbhttps:\/\/www.tciindustrial.com\/n\/videos\/\u00bb button_text=\u00bbVER GALER\u00cdA DE VIDEOS\u00bb button_alignment=\u00bbcenter\u00bb _builder_version=\u00bb3.26.6&#8243;][\/et_pb_button][\/et_pb_column][\/et_pb_row][\/et_pb_section][et_pb_section fb_built=\u00bb1&#8243; custom_padding_last_edited=\u00bbon|desktop\u00bb admin_label=\u00bbPRODUCTOS\u00bb _builder_version=\u00bb3.26.6&#8243; background_color=\u00bb#eeeeee\u00bb background_image=\u00bbhttps:\/\/www.tciindustrial.com\/n\/wp-content\/uploads\/2023\/07\/TRAMA-01-TN.png\u00bb background_size=\u00bbinitial\u00bb background_repeat=\u00bbrepeat\u00bb background_blend=\u00bboverlay\u00bb custom_padding=\u00bb100px||100px||true|true\u00bb custom_padding_phone=\u00bb50px||50px||true|true\u00bb][et_pb_row admin_label=\u00bbTITULO\u00bb _builder_version=\u00bb3.26.6&#8243;][et_pb_column type=\u00bb4_4&#8243; _builder_version=\u00bb3.26.6&#8243;][et_pb_text _builder_version=\u00bb3.26.6&#8243; header_2_text_align=\u00bbcenter\u00bb]<\/p>\n<h2>ALGUNOS DE NUESTROS PRODUCTOS SON:<\/h2>\n<p>[\/et_pb_text][\/et_pb_column][\/et_pb_row][et_pb_row column_structure=\u00bb1_3,2_3&#8243; custom_padding_last_edited=\u00bbon|phone\u00bb admin_label=\u00bbCONDUCTORES\u00bb module_id=\u00bbCONDUCTORES\u00bb _builder_version=\u00bb3.26.6&#8243; background_color=\u00bb#ffffff\u00bb custom_margin=\u00bb||20px||false|false\u00bb custom_padding=\u00bb50px|50px|50px|50px|true|true\u00bb custom_padding_phone=\u00bb20px|20px|20px|20px|true|true\u00bb][et_pb_column type=\u00bb1_3&#8243; _builder_version=\u00bb3.26.6&#8243;][et_pb_image src=\u00bbhttps:\/\/www.tciindustrial.com\/n\/wp-content\/uploads\/2019\/04\/CONDUCTOR.png\u00bb _builder_version=\u00bb3.26.6&#8243; width=\u00bb300px\u00bb max_width=\u00bb100%\u00bb][\/et_pb_image][\/et_pb_column][et_pb_column type=\u00bb2_3&#8243; _builder_version=\u00bb3.26.6&#8243;][et_pb_text _builder_version=\u00bb3.26.6&#8243;]<\/p>\n<h3>CONDUCTORES<\/h3>\n<p><strong>Conductor de sacos de az\u00facar de 24\u2033 ancho x 10.00 mts de longitud entre poleas.<\/strong><\/p>\n<p>Bastidor principal -Fabricado en viga canal 8\u2033, con refuerzos transversales de PTR 3\u2033X2\u2033 y refuerzos diagonales de PTR 1\u2033, Soportes \u2013 Fabricados a base de PTR 4\u2033x2\u2033, con refuerzos de PTR 4\u2033X2\u2033 y PTR 2\u2033, con 4 ruedas giratorias de 10\u2033 di\u00e1metro 3\u2033 con freno. Motorreductor \u2013 SUMITOMO 3 HP, montado en flecha de polea motriz, Velocidad de banda \u2013 45 mts\/min, Banda \u2013 ZZ blanca, tipo sanitaria, 2 capas (220 PIW) en 24\u2033. Marca GOODYEAR, Gabinete el\u00e9ctrico \u2013 (220\/440V)Con interruptores de arranque, paro y reversa. (220\/440V), Acabado \u2013 Fondo anticorrosivo y 2 capas de pintura esmalte.<\/p>\n<p>[\/et_pb_text][\/et_pb_column][\/et_pb_row][et_pb_row column_structure=\u00bb1_3,2_3&#8243; custom_padding_last_edited=\u00bbon|phone\u00bb admin_label=\u00bbREMONTADORES\u00bb module_id=\u00bbREMONTADORES\u00bb _builder_version=\u00bb3.26.6&#8243; background_color=\u00bb#ffffff\u00bb custom_margin=\u00bb||20px||false|false\u00bb custom_padding=\u00bb50px|50px|50px|50px|true|true\u00bb custom_padding_phone=\u00bb20px|20px|20px|20px|true|true\u00bb][et_pb_column type=\u00bb1_3&#8243; _builder_version=\u00bb3.26.6&#8243;][et_pb_image src=\u00bbhttps:\/\/www.tciindustrial.com\/n\/wp-content\/uploads\/2019\/04\/remontador2.png\u00bb _builder_version=\u00bb3.26.6&#8243; width=\u00bb300px\u00bb max_width=\u00bb100%\u00bb][\/et_pb_image][\/et_pb_column][et_pb_column type=\u00bb2_3&#8243; _builder_version=\u00bb3.26.6&#8243;][et_pb_text _builder_version=\u00bb3.26.6&#8243;]<\/p>\n<h3>REMONTADORES<\/h3>\n<p><strong>Remontador de sacos de doble articulaci\u00f3n, 24\u2033 ancho de banda, altura variable seg\u00fan lo pida el cliente.<\/strong><\/p>\n<p>Fabricado en acero estructural A36, con sistema de desplazamiento est\u00e1ndar, Con 4 ruedas tipo montacargas de 16\u2033 di\u00e1metro, 1 pist\u00f3n de 24\u2033 carrera para controlar direcci\u00f3n delantera, eje de traslaci\u00f3n trasero en flecha de acero 1045, en 2-3\/16\u2033 diam. Unidad hidr\u00e1ulica: de 50 galones.<\/p>\n<p>Velocidad de banda \u2013 45mts\/min = 1600 a 1800 costales\/hra. (75 a 90 TPH), Velocidad de desplazamiento de equipo \u2013 6 mts\/min, Motorreductores marca SUMITOMO montados en flecha, Banda \u2013 Blanca ZZ tipo sanitaria, 2 capas, 220 de PIW. Marca GOODYEAR, Rodillos Triples de carga 4\u2033 diam, Cema B. marca KING BLUE @ 950 mm, aplicaci\u00f3n de fondo gris anticorrosivo, y acabado en pintura esmalte.<\/p>\n<p>Control: Gabinete el\u00e9ctrico principal para control y fuerza voltaje a 440 volts. Botonera colgante para controlar movimiento de traslaci\u00f3n (adelante \u2013 atr\u00e1s) del eje trasero<\/p>\n<p>[\/et_pb_text][\/et_pb_column][\/et_pb_row][et_pb_row column_structure=\u00bb1_3,2_3&#8243; custom_padding_last_edited=\u00bbon|phone\u00bb admin_label=\u00bbDESVIADORES\u00bb module_id=\u00bbDESVIADORES\u00bb _builder_version=\u00bb3.26.6&#8243; background_color=\u00bb#ffffff\u00bb custom_margin=\u00bb||20px||false|false\u00bb custom_padding=\u00bb50px|50px|50px|50px|true|true\u00bb custom_padding_phone=\u00bb20px|20px|20px|20px|true|true\u00bb][et_pb_column type=\u00bb1_3&#8243; _builder_version=\u00bb3.26.6&#8243;][et_pb_image src=\u00bbhttps:\/\/www.tciindustrial.com\/n\/wp-content\/uploads\/2019\/04\/desviadores.png\u00bb _builder_version=\u00bb3.26.6&#8243; width=\u00bb300px\u00bb max_width=\u00bb100%\u00bb][\/et_pb_image][\/et_pb_column][et_pb_column type=\u00bb2_3&#8243; _builder_version=\u00bb3.26.6&#8243;][et_pb_text _builder_version=\u00bb3.26.6&#8243;]<\/p>\n<h3>DESVIADORES<\/h3>\n<p><strong>Desviador de sacos orientado a la derecha o la izquierda, seg\u00fan se requiera. Con sistema de levante mec\u00e1nico-manual mediante volante.<\/strong><\/p>\n<p>Estructura met\u00e1lica a base de l\u00e1mina Cal. 12 de acero al carb\u00f3n Moto-reductor montado en flecha marca SUMITOMO 1HP, Polea motriz y polea tensora de 6-5\/8\u2033 de di\u00e1metro, Banda PVC de 220 PIW, tipo Z-Z, 8\u2033 de ancho. Marca GOODYEAR, Banda grapada con grapas tipo alligator RS187, Incluye: Tobog\u00e1n para deslizamiento de sacos, Ruedas gu\u00eda de 4\u2033 d\u00edametro para desplazamiento sobre rieles. Aplicaci\u00f3n de fondo anticorrosivo y acabado en pintura esmalte.<\/p>\n<p>[\/et_pb_text][\/et_pb_column][\/et_pb_row][et_pb_row column_structure=\u00bb1_3,2_3&#8243; custom_padding_last_edited=\u00bbon|phone\u00bb admin_label=\u00bbLANZADORES\u00bb module_id=\u00bbLANZADORES\u00bb _builder_version=\u00bb3.26.6&#8243; background_color=\u00bb#ffffff\u00bb custom_margin=\u00bb||20px||false|false\u00bb custom_padding=\u00bb50px|50px|50px|50px|true|true\u00bb custom_padding_phone=\u00bb20px|20px|20px|20px|true|true\u00bb][et_pb_column type=\u00bb1_3&#8243; _builder_version=\u00bb3.26.6&#8243;][et_pb_image src=\u00bbhttps:\/\/www.tciindustrial.com\/n\/wp-content\/uploads\/2019\/05\/imagen-2.jpg\u00bb _builder_version=\u00bb3.26.6&#8243; width=\u00bb300px\u00bb max_width=\u00bb100%\u00bb][\/et_pb_image][\/et_pb_column][et_pb_column type=\u00bb2_3&#8243; _builder_version=\u00bb3.26.6&#8243;][et_pb_text _builder_version=\u00bb3.26.6&#8243;]<\/p>\n<h3>LANZADORES<\/h3>\n<p><strong>Lanzador de sacos (50 kgs.) para carga de tr\u00e1iler Sistema telescopico con punta con giro radial de 24\u2033BW x 2.00 Mts Secci\u00f3n base de 17.00 Mts. Secci\u00f3n telesc\u00f3pica de 15.00 Mts. Longitud.<\/strong><\/p>\n<p>Fabricado en acero estructural A36, con sistema de desplazamiento est\u00e1ndar, Con 4 ruedas tipo montacargas de 16\u2033 di\u00e1metro, 1 pist\u00f3n de 24\u2033 carrera para controlar direcci\u00f3n delantera, eje de traslaci\u00f3n trasero en flecha de acero 1045, en 2-3\/16\u2033 d\u00eda. Unidad hidr\u00e1ulica: de 50 galones.<\/p>\n<p>Secci\u00f3n telesc\u00f3pica: fabricado en l\u00e1mina de acero estructural, secci\u00f3n base, de 17.00 Mts de longitud, en lamina Cal. 10, Secci\u00f3n telesc\u00f3pica de 15.00 Mts de longitud en lamina Cal. 1\/8\u2033, motor reductores montados en flecha. Marca SUMITOMO, poleas: Motriz tipo tambor de 12-3\/4\u2033 dia. y polea tensora auto limpiante de 10-1\/2\u2033 dia. Dos pistones de simple efecto 30\u2033 de carrera para regular inclinaci\u00f3n de pluma y banda tipo antiderrapante, fricci\u00f3n. De 24\u2033 de ancho.<\/p>\n<p>Control: Gabinete el\u00e9ctrico principal para control y fuerza voltaje a 440 volts. Botonera colgante para controlar movimiento de traslaci\u00f3n (adelante \u2013 atr\u00e1s) del eje trasero y Botonera remota en lanzador<\/p>\n<p>[\/et_pb_text][\/et_pb_column][\/et_pb_row][et_pb_row column_structure=\u00bb1_3,2_3&#8243; custom_padding_last_edited=\u00bbon|phone\u00bb admin_label=\u00bbTRANSPORTADORES PARA LA INDUSTRIA EN GENERAL\u00bb module_id=\u00bbTRANSPORTADORES\u00bb _builder_version=\u00bb3.26.6&#8243; background_color=\u00bb#ffffff\u00bb custom_margin=\u00bb||20px||false|false\u00bb custom_padding=\u00bb50px|50px|50px|50px|true|true\u00bb custom_padding_phone=\u00bb20px|20px|20px|20px|true|true\u00bb][et_pb_column type=\u00bb1_3&#8243; _builder_version=\u00bb3.26.6&#8243;][et_pb_image src=\u00bbhttps:\/\/www.tciindustrial.com\/n\/wp-content\/uploads\/2023\/07\/img-TRANSPORTADORES-GENERAL.jpg\u00bb _builder_version=\u00bb3.26.6&#8243; width=\u00bb300px\u00bb max_width=\u00bb100%\u00bb][\/et_pb_image][\/et_pb_column][et_pb_column type=\u00bb2_3&#8243; _builder_version=\u00bb3.26.6&#8243;][et_pb_text _builder_version=\u00bb3.26.6&#8243;]<\/p>\n<h3><strong>TRANSPORTADORES PARA LA INDUSTRIA EN GENERAL<\/strong><\/h3>\n<p>Dise\u00f1amos y calculamos con base a las necesidades del cliente, seg\u00fan las toneladas por hora que desea transportar, todo bajo normas CEMA, con programas de ingenier\u00eda como STAR PRO y Belt Analisis respaldados con nuestra amplia experiencia.<\/p>\n<p>[\/et_pb_text][\/et_pb_column][\/et_pb_row][\/et_pb_section][et_pb_section fb_built=\u00bb1&#8243; custom_padding_last_edited=\u00bbon|desktop\u00bb _builder_version=\u00bb3.26.6&#8243; background_color=\u00bb#fafafa\u00bb custom_padding=\u00bb100px||100px||true|true\u00bb custom_padding_phone=\u00bb50px||50px||true|true\u00bb][et_pb_row admin_label=\u00bbY M\u00c1S\u00bb _builder_version=\u00bb3.26.6&#8243;][et_pb_column type=\u00bb4_4&#8243; _builder_version=\u00bb3.26.6&#8243;][et_pb_text _builder_version=\u00bb3.26.6&#8243; header_2_text_align=\u00bbcenter\u00bb]<\/p>\n<h2>OTROS SERVICIOS:<\/h2>\n<ul class=\"superlista\">\n<li>Venta de Reductores<\/li>\n<li>Venta de Rodillos<\/li>\n<li>Venta de Bandas<\/li>\n<li>Mantenimiento correctivo<\/li>\n<li>Actualizaci\u00f3n de equipos<\/li>\n<li>Asesor\u00eda en proyectos<\/li>\n<li>Instalaci\u00f3n<\/li>\n<li>Proyectos llave en mano<\/li>\n<li>Capacitaci\u00f3n<\/li>\n<\/ul>\n<p>[\/et_pb_text][\/et_pb_column][\/et_pb_row][\/et_pb_section][et_pb_section fb_built=\u00bb1&#8243; disabled_on=\u00bboff|off|off\u00bb admin_label=\u00bbZONA CONTACTO\u00bb module_id=\u00bbcontacto\u00bb _builder_version=\u00bb3.26.6&#8243; background_color=\u00bb#001d93&#8243; background_image=\u00bbhttps:\/\/www.tciindustrial.com\/n\/wp-content\/uploads\/2023\/07\/TRAMA-01-TN.png\u00bb background_size=\u00bbinitial\u00bb background_repeat=\u00bbrepeat\u00bb background_blend=\u00bboverlay\u00bb animation_style=\u00bbfade\u00bb locked=\u00bboff\u00bb][et_pb_row _builder_version=\u00bb3.26.6&#8243;][et_pb_column type=\u00bb4_4&#8243; _builder_version=\u00bb3.26.6&#8243;][et_pb_contact_form captcha=\u00bboff\u00bb email=\u00bbventas@tciindustrial.com\u00bb title=\u00bbSOLICITA M\u00c1S INFORMACI\u00d3N \u00bb custom_message=\u00bbNombre: %%Name%%||et_pb_line_break_holder||Email: %%Email%%||et_pb_line_break_holder||Tel\u00e9fono: %%Phone%%||et_pb_line_break_holder||||et_pb_line_break_holder||Mensaje: %%Message%%\u00bb success_message=\u00bb\u00a1Gracias por contactarnos! En breve atenderemos tu solicitud.\u00bb submit_button_text=\u00bbENVIAR\u00bb module_id=\u00bbet_pb_contact_form_0&#8243; _builder_version=\u00bb3.26.6&#8243; form_field_background_color=\u00bb#ffffff\u00bb title_font=\u00bbPoppins|700|||||||\u00bb title_text_color=\u00bb#ffffff\u00bb title_font_size=\u00bb31px\u00bb form_field_font=\u00bbAbel||||||||\u00bb form_field_font_size=\u00bb19px\u00bb custom_button=\u00bbon\u00bb button_text_color=\u00bb#ffffff\u00bb button_bg_color=\u00bb#0032de\u00bb button_border_color=\u00bbrgba(0,0,0,0)\u00bb button_border_radius=\u00bb100px\u00bb button_letter_spacing=\u00bb2px\u00bb button_font=\u00bbAbel||||||||\u00bb button_icon_color=\u00bb#ffffff\u00bb title_font_size_last_edited=\u00bbon|phone\u00bb form_background_color=\u00bb#ffffff\u00bb locked=\u00bboff\u00bb][et_pb_contact_field field_id=\u00bbName\u00bb field_title=\u00bbNombre\u00bb fullwidth_field=\u00bbon\u00bb _builder_version=\u00bb3.26.6&#8243; border_radii=\u00bbon||||\u00bb button_text_size__hover_enabled=\u00bboff\u00bb button_one_text_size__hover_enabled=\u00bboff\u00bb button_two_text_size__hover_enabled=\u00bboff\u00bb button_text_color__hover_enabled=\u00bboff\u00bb button_one_text_color__hover_enabled=\u00bboff\u00bb button_two_text_color__hover_enabled=\u00bboff\u00bb button_border_width__hover_enabled=\u00bboff\u00bb button_one_border_width__hover_enabled=\u00bboff\u00bb button_two_border_width__hover_enabled=\u00bboff\u00bb button_border_color__hover_enabled=\u00bboff\u00bb button_one_border_color__hover_enabled=\u00bboff\u00bb button_two_border_color__hover_enabled=\u00bboff\u00bb button_border_radius__hover_enabled=\u00bboff\u00bb button_one_border_radius__hover_enabled=\u00bboff\u00bb button_two_border_radius__hover_enabled=\u00bboff\u00bb button_letter_spacing__hover_enabled=\u00bboff\u00bb button_one_letter_spacing__hover_enabled=\u00bboff\u00bb button_two_letter_spacing__hover_enabled=\u00bboff\u00bb button_bg_color__hover_enabled=\u00bboff\u00bb button_one_bg_color__hover_enabled=\u00bboff\u00bb button_two_bg_color__hover_enabled=\u00bboff\u00bb][\/et_pb_contact_field][et_pb_contact_field field_id=\u00bbPhone\u00bb field_title=\u00bbTel\u00e9fono\u00bb _builder_version=\u00bb3.26.6&#8243; border_radii=\u00bbon||||\u00bb button_text_size__hover_enabled=\u00bboff\u00bb button_one_text_size__hover_enabled=\u00bboff\u00bb button_two_text_size__hover_enabled=\u00bboff\u00bb button_text_color__hover_enabled=\u00bboff\u00bb button_one_text_color__hover_enabled=\u00bboff\u00bb button_two_text_color__hover_enabled=\u00bboff\u00bb button_border_width__hover_enabled=\u00bboff\u00bb button_one_border_width__hover_enabled=\u00bboff\u00bb button_two_border_width__hover_enabled=\u00bboff\u00bb button_border_color__hover_enabled=\u00bboff\u00bb button_one_border_color__hover_enabled=\u00bboff\u00bb button_two_border_color__hover_enabled=\u00bboff\u00bb button_border_radius__hover_enabled=\u00bboff\u00bb button_one_border_radius__hover_enabled=\u00bboff\u00bb button_two_border_radius__hover_enabled=\u00bboff\u00bb button_letter_spacing__hover_enabled=\u00bboff\u00bb button_one_letter_spacing__hover_enabled=\u00bboff\u00bb button_two_letter_spacing__hover_enabled=\u00bboff\u00bb button_bg_color__hover_enabled=\u00bboff\u00bb button_one_bg_color__hover_enabled=\u00bboff\u00bb button_two_bg_color__hover_enabled=\u00bboff\u00bb][\/et_pb_contact_field][et_pb_contact_field field_id=\u00bbEmail\u00bb field_title=\u00bbCorreo electr\u00f3nico\u00bb field_type=\u00bbemail\u00bb _builder_version=\u00bb3.26.6&#8243; border_radii=\u00bbon||||\u00bb button_text_size__hover_enabled=\u00bboff\u00bb button_one_text_size__hover_enabled=\u00bboff\u00bb button_two_text_size__hover_enabled=\u00bboff\u00bb button_text_color__hover_enabled=\u00bboff\u00bb button_one_text_color__hover_enabled=\u00bboff\u00bb button_two_text_color__hover_enabled=\u00bboff\u00bb button_border_width__hover_enabled=\u00bboff\u00bb button_one_border_width__hover_enabled=\u00bboff\u00bb button_two_border_width__hover_enabled=\u00bboff\u00bb button_border_color__hover_enabled=\u00bboff\u00bb button_one_border_color__hover_enabled=\u00bboff\u00bb button_two_border_color__hover_enabled=\u00bboff\u00bb button_border_radius__hover_enabled=\u00bboff\u00bb button_one_border_radius__hover_enabled=\u00bboff\u00bb button_two_border_radius__hover_enabled=\u00bboff\u00bb button_letter_spacing__hover_enabled=\u00bboff\u00bb button_one_letter_spacing__hover_enabled=\u00bboff\u00bb button_two_letter_spacing__hover_enabled=\u00bboff\u00bb button_bg_color__hover_enabled=\u00bboff\u00bb button_one_bg_color__hover_enabled=\u00bboff\u00bb button_two_bg_color__hover_enabled=\u00bboff\u00bb][\/et_pb_contact_field][et_pb_contact_field field_id=\u00bbMessage\u00bb field_title=\u00bbMensaje\u00bb field_type=\u00bbtext\u00bb fullwidth_field=\u00bbon\u00bb _builder_version=\u00bb3.16&#8243; border_radii=\u00bbon||||\u00bb button_text_size__hover_enabled=\u00bboff\u00bb button_one_text_size__hover_enabled=\u00bboff\u00bb button_two_text_size__hover_enabled=\u00bboff\u00bb button_text_color__hover_enabled=\u00bboff\u00bb button_one_text_color__hover_enabled=\u00bboff\u00bb button_two_text_color__hover_enabled=\u00bboff\u00bb button_border_width__hover_enabled=\u00bboff\u00bb button_one_border_width__hover_enabled=\u00bboff\u00bb button_two_border_width__hover_enabled=\u00bboff\u00bb button_border_color__hover_enabled=\u00bboff\u00bb button_one_border_color__hover_enabled=\u00bboff\u00bb button_two_border_color__hover_enabled=\u00bboff\u00bb button_border_radius__hover_enabled=\u00bboff\u00bb button_one_border_radius__hover_enabled=\u00bboff\u00bb button_two_border_radius__hover_enabled=\u00bboff\u00bb button_letter_spacing__hover_enabled=\u00bboff\u00bb button_one_letter_spacing__hover_enabled=\u00bboff\u00bb button_two_letter_spacing__hover_enabled=\u00bboff\u00bb button_bg_color__hover_enabled=\u00bboff\u00bb button_one_bg_color__hover_enabled=\u00bboff\u00bb button_two_bg_color__hover_enabled=\u00bboff\u00bb][\/et_pb_contact_field][\/et_pb_contact_form][\/et_pb_column][\/et_pb_row][\/et_pb_section]<\/p>\n","protected":false},"excerpt":{"rendered":"<p>[et_pb_section fb_built=\u00bb1&#8243; custom_padding_last_edited=\u00bbon|desktop\u00bb admin_label=\u00bbSERVICIOS\u00bb _builder_version=\u00bb3.26.6&#8243; background_image=\u00bbhttps:\/\/www.tciindustrial.com\/n\/wp-content\/uploads\/2022\/10\/bg-servicios.png\u00bb parallax=\u00bbon\u00bb custom_padding=\u00bb100px||100px||true|true\u00bb custom_padding_phone=\u00bb50px||50px||true|true\u00bb background_color_phone=\u00bb#fafafa\u00bb background_last_edited=\u00bbon|phone\u00bb background_enable_color_phone=\u00bbon\u00bb background_enable_image_phone=\u00bboff\u00bb][et_pb_row column_structure=\u00bb1_2,1_2&#8243; _builder_version=\u00bb3.26.6&#8243; background_enable_image=\u00bboff\u00bb parallax=\u00bbon\u00bb][et_pb_column type=\u00bb1_2&#8243; _builder_version=\u00bb3.26.6&#8243;][et_pb_text _builder_version=\u00bb3.26.6&#8243; header_font=\u00bb||||||||\u00bb background_color=\u00bbrgba(255,255,255,0.8)\u00bb custom_padding=\u00bb50px|50px|50px|50px|true|true\u00bb custom_padding_phone=\u00bb0px|0px|20px|0px|false|false\u00bb custom_padding_last_edited=\u00bbon|phone\u00bb header_font_size_tablet=\u00bb35px\u00bb header_font_size_phone=\u00bb30px\u00bb header_font_size_last_edited=\u00bbon|tablet\u00bb background_last_edited=\u00bbon|phone\u00bb background_enable_color_phone=\u00bboff\u00bb] PRODUCTOS Y SERVICIOS En Transportadores y Construcciones Industriales S A de C V estamos comprometidos en dise\u00f1ar, fabricar y entregar equipos y m\u00e1quinas de calidad [&hellip;]<\/p>\n","protected":false},"author":1,"featured_media":0,"parent":0,"menu_order":0,"comment_status":"closed","ping_status":"closed","template":"","meta":{"_et_pb_use_builder":"on","_et_pb_old_content":"","footnotes":""},"class_list":["post-312","page","type-page","status-publish","hentry"],"_links":{"self":[{"href":"https:\/\/www.tciindustrial.com\/n\/wp-json\/wp\/v2\/pages\/312","targetHints":{"allow":["GET"]}}],"collection":[{"href":"https:\/\/www.tciindustrial.com\/n\/wp-json\/wp\/v2\/pages"}],"about":[{"href":"https:\/\/www.tciindustrial.com\/n\/wp-json\/wp\/v2\/types\/page"}],"author":[{"embeddable":true,"href":"https:\/\/www.tciindustrial.com\/n\/wp-json\/wp\/v2\/users\/1"}],"replies":[{"embeddable":true,"href":"https:\/\/www.tciindustrial.com\/n\/wp-json\/wp\/v2\/comments?post=312"}],"version-history":[{"count":48,"href":"https:\/\/www.tciindustrial.com\/n\/wp-json\/wp\/v2\/pages\/312\/revisions"}],"predecessor-version":[{"id":1544,"href":"https:\/\/www.tciindustrial.com\/n\/wp-json\/wp\/v2\/pages\/312\/revisions\/1544"}],"wp:attachment":[{"href":"https:\/\/www.tciindustrial.com\/n\/wp-json\/wp\/v2\/media?parent=312"}],"curies":[{"name":"wp","href":"https:\/\/api.w.org\/{rel}","templated":true}]}}